{"id":1453,"date":"2021-09-27T18:15:57","date_gmt":"2021-09-27T16:15:57","guid":{"rendered":"https:\/\/www.ngmosaique.com\/?post_type=product&#038;p=1453"},"modified":"2021-12-15T10:11:35","modified_gmt":"2021-12-15T09:11:35","slug":"atelier-18-decembre-2021","status":"publish","type":"product","link":"https:\/\/www.ngmosaique.com\/en\/product\/atelier-18-decembre-2021\/","title":{"rendered":"Sp\u00e9cial No\u00ebl"},"content":{"rendered":"<div class=\"elementor-element elementor-element-a851218 elementor-widget elementor-widget-text-editor\" data-id=\"a851218\" data-element_type=\"widget\" data-widget_type=\"text-editor.default\">\n<div class=\"elementor-widget-container\">\n<div class=\"elementor-text-editor elementor-clearfix\">\n<p>Age : 8-11 ans<br \/>\nDuration: 3h<br \/>\nTarif : 45\u20ac (par enfant)<br \/>\nTools and materials included<br \/>\nLimit\u00e9 \u00e0 5 enfants<\/p>\n<\/div>\n<\/div>\n<\/div>","protected":false},"excerpt":{"rendered":"<div class=\"elementor-element elementor-element-4bdd113 elementor-widget elementor-widget-text-editor\" data-id=\"4bdd113\" data-element_type=\"widget\" data-widget_type=\"text-editor.default\">\n<div class=\"elementor-widget-container\">\n<div class=\"elementor-text-editor elementor-clearfix\">\n<p>Initiez votre enfant \u00e0 l\u2019art de la mosa\u00efque \u00e0 l\u2019aide de techniques simples et faciles \u00e0 ma\u00eetriser. Votre enfant r\u00e9alisera ses d\u00e9corations de No\u00ebl avec les couleurs de son choix.<\/p>\n<p>&nbsp;<\/p>\n<p><strong>Date : Samedi 18 d\u00e9cembre 2021<br \/>\n<\/strong><\/p>\n<p>&nbsp;<\/p>\n<p>Horaire : de 14h \u00e0 17h<\/p>\n<p>&nbsp;<\/p>\n<p>Lieu :<br \/>\n<strong>Le Local \u2013 Collectif des possibles<br \/>\n<\/strong>85 rue de l\u2019Annexion<br \/>\n74890 Bons-en-Chablais<\/p>\n<\/div>\n<\/div>\n<\/div>","protected":false},"featured_media":2043,"template":"","meta":{"site-sidebar-layout":"default","site-content-layout":"default","ast-site-content-layout":"default","site-content-style":"default","site-sidebar-style":"default","ast-global-header-display":"","ast-banner-title-visibility":"","ast-main-header-display":"","ast-hfb-above-header-display":"","ast-hfb-below-header-display":"","ast-hfb-mobile-header-display":"","site-post-title":"","ast-breadcrumbs-content":"","ast-featured-img":"","footer-sml-layout":"","ast-disable-related-posts":"","theme-transparent-header-meta":"default","adv-header-id-meta":"","stick-header-meta":"","header-above-stick-meta":"","header-main-stick-meta":"","header-below-stick-meta":"","astra-migrate-meta-layouts":"default","ast-page-background-enabled":"default","ast-page-background-meta":{"desktop":{"background-color":"","background-image":"","background-repeat":"repeat","background-position":"center center","background-size":"auto","background-attachment":"scroll","background-type":"","background-media":"","overlay-type":"","overlay-color":"","overlay-opacity":"","overlay-gradient":""},"tablet":{"background-color":"","background-image":"","background-repeat":"repeat","background-position":"center center","background-size":"auto","background-attachment":"scroll","background-type":"","background-media":"","overlay-type":"","overlay-color":"","overlay-opacity":"","overlay-gradient":""},"mobile":{"background-color":"","background-image":"","background-repeat":"repeat","background-position":"center center","background-size":"auto","background-attachment":"scroll","background-type":"","background-media":"","overlay-type":"","overlay-color":"","overlay-opacity":"","overlay-gradient":""}},"ast-content-background-meta":{"desktop":{"background-color":"var(--ast-global-color-5)","background-image":"","background-repeat":"repeat","background-position":"center center","background-size":"auto","background-attachment":"scroll","background-type":"","background-media":"","overlay-type":"","overlay-color":"","overlay-opacity":"","overlay-gradient":""},"tablet":{"background-color":"var(--ast-global-color-5)","background-image":"","background-repeat":"repeat","background-position":"center center","background-size":"auto","background-attachment":"scroll","background-type":"","background-media":"","overlay-type":"","overlay-color":"","overlay-opacity":"","overlay-gradient":""},"mobile":{"background-color":"var(--ast-global-color-5)","background-image":"","background-repeat":"repeat","background-position":"center center","background-size":"auto","background-attachment":"scroll","background-type":"","background-media":"","overlay-type":"","overlay-color":"","overlay-opacity":"","overlay-gradient":""}}},"product_brand":[],"product_cat":[29],"product_tag":[],"class_list":{"0":"post-1453","1":"product","2":"type-product","3":"status-publish","4":"has-post-thumbnail","6":"product_cat-reservation-atelier","7":"desktop-align-left","8":"tablet-align-left","9":"mobile-align-left","11":"first","12":"outofstock","13":"virtual","14":"purchasable","15":"product-type-simple"},"yoast_head":"<!-- This site is optimized with the Yoast SEO plugin v27.6 - https:\/\/yoast.com\/product\/yoast-seo-wordpress\/ -->\n<title>Atelier Sp\u00e9cial No\u00ebl - NG Mosa\u00efque |\u00a0Artiste mosa\u00efste<\/title>\n<meta name=\"description\" content=\"Atelier de mosa\u00efque enfants (8-11 ans). Votre enfant r\u00e9alisera ses d\u00e9corations de No\u00ebl avec les couleurs de son choix.\" \/>\n<meta name=\"robots\" content=\"index, follow, max-snippet:-1, max-image-preview:large, max-video-preview:-1\" \/>\n<link rel=\"canonical\" href=\"https:\/\/www.ngmosaique.com\/en\/product\/atelier-18-decembre-2021\/\" \/>\n<meta property=\"og:locale\" content=\"en_GB\" \/>\n<meta property=\"og:type\" content=\"article\" \/>\n<meta property=\"og:title\" content=\"Atelier Sp\u00e9cial No\u00ebl - NG Mosa\u00efque |\u00a0Artiste mosa\u00efste\" \/>\n<meta property=\"og:description\" content=\"Atelier de mosa\u00efque enfants (8-11 ans). Votre enfant r\u00e9alisera ses d\u00e9corations de No\u00ebl avec les couleurs de son choix.\" \/>\n<meta property=\"og:url\" content=\"https:\/\/www.ngmosaique.com\/en\/product\/atelier-18-decembre-2021\/\" \/>\n<meta property=\"og:site_name\" content=\"NG Mosa\u00efque |\u00a0Artiste mosa\u00efste\" \/>\n<meta property=\"article:modified_time\" content=\"2021-12-15T09:11:35+00:00\" \/>\n<meta property=\"og:image\" content=\"https:\/\/www.ngmosaique.com\/wp-content\/uploads\/2021\/09\/Atelier_Decembre_Noel.jpg\" \/>\n\t<meta property=\"og:image:width\" content=\"1558\" \/>\n\t<meta property=\"og:image:height\" content=\"1570\" \/>\n\t<meta property=\"og:image:type\" content=\"image\/jpeg\" \/>\n<meta name=\"twitter:card\" content=\"summary_large_image\" \/>\n<meta name=\"twitter:label1\" content=\"Estimated reading time\" \/>\n\t<meta name=\"twitter:data1\" content=\"1 minute\" \/>\n<script type=\"application\/ld+json\" class=\"yoast-schema-graph\">{\"@context\":\"https:\\\/\\\/schema.org\",\"@graph\":[{\"@type\":\"WebPage\",\"@id\":\"https:\\\/\\\/www.ngmosaique.com\\\/produit\\\/atelier-18-decembre-2021\\\/\",\"url\":\"https:\\\/\\\/www.ngmosaique.com\\\/produit\\\/atelier-18-decembre-2021\\\/\",\"name\":\"Atelier Sp\u00e9cial No\u00ebl - NG Mosa\u00efque |\u00a0Artiste mosa\u00efste\",\"isPartOf\":{\"@id\":\"https:\\\/\\\/www.ngmosaique.com\\\/#website\"},\"primaryImageOfPage\":{\"@id\":\"https:\\\/\\\/www.ngmosaique.com\\\/produit\\\/atelier-18-decembre-2021\\\/#primaryimage\"},\"image\":{\"@id\":\"https:\\\/\\\/www.ngmosaique.com\\\/produit\\\/atelier-18-decembre-2021\\\/#primaryimage\"},\"thumbnailUrl\":\"https:\\\/\\\/www.ngmosaique.com\\\/wp-content\\\/uploads\\\/2021\\\/09\\\/Atelier_Decembre_Noel.jpg\",\"datePublished\":\"2021-09-27T16:15:57+00:00\",\"dateModified\":\"2021-12-15T09:11:35+00:00\",\"description\":\"Atelier de mosa\u00efque enfants (8-11 ans). Votre enfant r\u00e9alisera ses d\u00e9corations de No\u00ebl avec les couleurs de son choix.\",\"breadcrumb\":{\"@id\":\"https:\\\/\\\/www.ngmosaique.com\\\/produit\\\/atelier-18-decembre-2021\\\/#breadcrumb\"},\"inLanguage\":\"en-GB\",\"potentialAction\":[{\"@type\":\"ReadAction\",\"target\":[\"https:\\\/\\\/www.ngmosaique.com\\\/produit\\\/atelier-18-decembre-2021\\\/\"]}]},{\"@type\":\"ImageObject\",\"inLanguage\":\"en-GB\",\"@id\":\"https:\\\/\\\/www.ngmosaique.com\\\/produit\\\/atelier-18-decembre-2021\\\/#primaryimage\",\"url\":\"https:\\\/\\\/www.ngmosaique.com\\\/wp-content\\\/uploads\\\/2021\\\/09\\\/Atelier_Decembre_Noel.jpg\",\"contentUrl\":\"https:\\\/\\\/www.ngmosaique.com\\\/wp-content\\\/uploads\\\/2021\\\/09\\\/Atelier_Decembre_Noel.jpg\",\"width\":1558,\"height\":1570},{\"@type\":\"BreadcrumbList\",\"@id\":\"https:\\\/\\\/www.ngmosaique.com\\\/produit\\\/atelier-18-decembre-2021\\\/#breadcrumb\",\"itemListElement\":[{\"@type\":\"ListItem\",\"position\":1,\"name\":\"Accueil\",\"item\":\"https:\\\/\\\/www.ngmosaique.com\\\/\"},{\"@type\":\"ListItem\",\"position\":2,\"name\":\"R\u00e9servation Atelier\",\"item\":\"https:\\\/\\\/www.ngmosaique.com\\\/reservation-atelier\\\/\"},{\"@type\":\"ListItem\",\"position\":3,\"name\":\"Sp\u00e9cial No\u00ebl\"}]},{\"@type\":\"WebSite\",\"@id\":\"https:\\\/\\\/www.ngmosaique.com\\\/#website\",\"url\":\"https:\\\/\\\/www.ngmosaique.com\\\/\",\"name\":\"NG Mosa\u00efque |\u00a0Artiste mosa\u00efste\",\"description\":\"artiste mosa\u00efste\",\"publisher\":{\"@id\":\"https:\\\/\\\/www.ngmosaique.com\\\/#organization\"},\"potentialAction\":[{\"@type\":\"SearchAction\",\"target\":{\"@type\":\"EntryPoint\",\"urlTemplate\":\"https:\\\/\\\/www.ngmosaique.com\\\/?s={search_term_string}\"},\"query-input\":{\"@type\":\"PropertyValueSpecification\",\"valueRequired\":true,\"valueName\":\"search_term_string\"}}],\"inLanguage\":\"en-GB\"},{\"@type\":\"Organization\",\"@id\":\"https:\\\/\\\/www.ngmosaique.com\\\/#organization\",\"name\":\"NG Mosa\u00efque\",\"url\":\"https:\\\/\\\/www.ngmosaique.com\\\/\",\"logo\":{\"@type\":\"ImageObject\",\"inLanguage\":\"en-GB\",\"@id\":\"https:\\\/\\\/www.ngmosaique.com\\\/#\\\/schema\\\/logo\\\/image\\\/\",\"url\":\"https:\\\/\\\/www.ngmosaique.com\\\/wp-content\\\/uploads\\\/2019\\\/05\\\/Logo_NGMosaique-scaled.jpg\",\"contentUrl\":\"https:\\\/\\\/www.ngmosaique.com\\\/wp-content\\\/uploads\\\/2019\\\/05\\\/Logo_NGMosaique-scaled.jpg\",\"width\":2560,\"height\":1664,\"caption\":\"NG Mosa\u00efque\"},\"image\":{\"@id\":\"https:\\\/\\\/www.ngmosaique.com\\\/#\\\/schema\\\/logo\\\/image\\\/\"},\"sameAs\":[\"https:\\\/\\\/www.instagram.com\\\/ngmosaique\",\"https:\\\/\\\/www.linkedin.com\\\/in\\\/nathaliegrobel\",\"https:\\\/\\\/www.pinterest.com\\\/nathaliegrobel\"]}]}<\/script>\n<!-- \/ Yoast SEO plugin. -->","yoast_head_json":{"title":"Atelier Sp\u00e9cial No\u00ebl - NG Mosa\u00efque |\u00a0Artiste mosa\u00efste","description":"Atelier de mosa\u00efque enfants (8-11 ans). Votre enfant r\u00e9alisera ses d\u00e9corations de No\u00ebl avec les couleurs de son choix.","robots":{"index":"index","follow":"follow","max-snippet":"max-snippet:-1","max-image-preview":"max-image-preview:large","max-video-preview":"max-video-preview:-1"},"canonical":"https:\/\/www.ngmosaique.com\/en\/product\/atelier-18-decembre-2021\/","og_locale":"en_GB","og_type":"article","og_title":"Atelier Sp\u00e9cial No\u00ebl - NG Mosa\u00efque |\u00a0Artiste mosa\u00efste","og_description":"Atelier de mosa\u00efque enfants (8-11 ans). Votre enfant r\u00e9alisera ses d\u00e9corations de No\u00ebl avec les couleurs de son choix.","og_url":"https:\/\/www.ngmosaique.com\/en\/product\/atelier-18-decembre-2021\/","og_site_name":"NG Mosa\u00efque |\u00a0Artiste mosa\u00efste","article_modified_time":"2021-12-15T09:11:35+00:00","og_image":[{"width":1558,"height":1570,"url":"https:\/\/www.ngmosaique.com\/wp-content\/uploads\/2021\/09\/Atelier_Decembre_Noel.jpg","type":"image\/jpeg"}],"twitter_card":"summary_large_image","twitter_misc":{"Estimated reading time":"1 minute"},"schema":{"@context":"https:\/\/schema.org","@graph":[{"@type":"WebPage","@id":"https:\/\/www.ngmosaique.com\/produit\/atelier-18-decembre-2021\/","url":"https:\/\/www.ngmosaique.com\/produit\/atelier-18-decembre-2021\/","name":"Atelier Sp\u00e9cial No\u00ebl - NG Mosa\u00efque |\u00a0Artiste mosa\u00efste","isPartOf":{"@id":"https:\/\/www.ngmosaique.com\/#website"},"primaryImageOfPage":{"@id":"https:\/\/www.ngmosaique.com\/produit\/atelier-18-decembre-2021\/#primaryimage"},"image":{"@id":"https:\/\/www.ngmosaique.com\/produit\/atelier-18-decembre-2021\/#primaryimage"},"thumbnailUrl":"https:\/\/www.ngmosaique.com\/wp-content\/uploads\/2021\/09\/Atelier_Decembre_Noel.jpg","datePublished":"2021-09-27T16:15:57+00:00","dateModified":"2021-12-15T09:11:35+00:00","description":"Atelier de mosa\u00efque enfants (8-11 ans). Votre enfant r\u00e9alisera ses d\u00e9corations de No\u00ebl avec les couleurs de son choix.","breadcrumb":{"@id":"https:\/\/www.ngmosaique.com\/produit\/atelier-18-decembre-2021\/#breadcrumb"},"inLanguage":"en-GB","potentialAction":[{"@type":"ReadAction","target":["https:\/\/www.ngmosaique.com\/produit\/atelier-18-decembre-2021\/"]}]},{"@type":"ImageObject","inLanguage":"en-GB","@id":"https:\/\/www.ngmosaique.com\/produit\/atelier-18-decembre-2021\/#primaryimage","url":"https:\/\/www.ngmosaique.com\/wp-content\/uploads\/2021\/09\/Atelier_Decembre_Noel.jpg","contentUrl":"https:\/\/www.ngmosaique.com\/wp-content\/uploads\/2021\/09\/Atelier_Decembre_Noel.jpg","width":1558,"height":1570},{"@type":"BreadcrumbList","@id":"https:\/\/www.ngmosaique.com\/produit\/atelier-18-decembre-2021\/#breadcrumb","itemListElement":[{"@type":"ListItem","position":1,"name":"Accueil","item":"https:\/\/www.ngmosaique.com\/"},{"@type":"ListItem","position":2,"name":"R\u00e9servation Atelier","item":"https:\/\/www.ngmosaique.com\/reservation-atelier\/"},{"@type":"ListItem","position":3,"name":"Sp\u00e9cial No\u00ebl"}]},{"@type":"WebSite","@id":"https:\/\/www.ngmosaique.com\/#website","url":"https:\/\/www.ngmosaique.com\/","name":"NG Mosa\u00efque |\u00a0Artiste mosa\u00efste","description":"mosaic artist","publisher":{"@id":"https:\/\/www.ngmosaique.com\/#organization"},"potentialAction":[{"@type":"SearchAction","target":{"@type":"EntryPoint","urlTemplate":"https:\/\/www.ngmosaique.com\/?s={search_term_string}"},"query-input":{"@type":"PropertyValueSpecification","valueRequired":true,"valueName":"search_term_string"}}],"inLanguage":"en-GB"},{"@type":"Organization","@id":"https:\/\/www.ngmosaique.com\/#organization","name":"NG Mosa\u00efque","url":"https:\/\/www.ngmosaique.com\/","logo":{"@type":"ImageObject","inLanguage":"en-GB","@id":"https:\/\/www.ngmosaique.com\/#\/schema\/logo\/image\/","url":"https:\/\/www.ngmosaique.com\/wp-content\/uploads\/2019\/05\/Logo_NGMosaique-scaled.jpg","contentUrl":"https:\/\/www.ngmosaique.com\/wp-content\/uploads\/2019\/05\/Logo_NGMosaique-scaled.jpg","width":2560,"height":1664,"caption":"NG Mosa\u00efque"},"image":{"@id":"https:\/\/www.ngmosaique.com\/#\/schema\/logo\/image\/"},"sameAs":["https:\/\/www.instagram.com\/ngmosaique","https:\/\/www.linkedin.com\/in\/nathaliegrobel","https:\/\/www.pinterest.com\/nathaliegrobel"]}]}},"_links":{"self":[{"href":"https:\/\/www.ngmosaique.com\/en\/wp-json\/wp\/v2\/product\/1453","targetHints":{"allow":["GET"]}}],"collection":[{"href":"https:\/\/www.ngmosaique.com\/en\/wp-json\/wp\/v2\/product"}],"about":[{"href":"https:\/\/www.ngmosaique.com\/en\/wp-json\/wp\/v2\/types\/product"}],"wp:featuredmedia":[{"embeddable":true,"href":"https:\/\/www.ngmosaique.com\/en\/wp-json\/wp\/v2\/media\/2043"}],"wp:attachment":[{"href":"https:\/\/www.ngmosaique.com\/en\/wp-json\/wp\/v2\/media?parent=1453"}],"wp:term":[{"taxonomy":"product_brand","embeddable":true,"href":"https:\/\/www.ngmosaique.com\/en\/wp-json\/wp\/v2\/product_brand?post=1453"},{"taxonomy":"product_cat","embeddable":true,"href":"https:\/\/www.ngmosaique.com\/en\/wp-json\/wp\/v2\/product_cat?post=1453"},{"taxonomy":"product_tag","embeddable":true,"href":"https:\/\/www.ngmosaique.com\/en\/wp-json\/wp\/v2\/product_tag?post=1453"}],"curies":[{"name":"wp","href":"https:\/\/api.w.org\/{rel}","templated":true}]}}